{"id":21,"date":"2023-08-21T14:53:50","date_gmt":"2023-08-21T14:53:50","guid":{"rendered":"https:\/\/xstore.8theme.com\/elementor2\/nft-crypto\/?page_id=21"},"modified":"2025-02-17T18:06:13","modified_gmt":"2025-02-17T18:06:13","slug":"a-propos-de-nous","status":"publish","type":"page","link":"https:\/\/injadesign.com\/en\/a-propos-de-nous\/","title":{"rendered":"About Us"},"content":{"rendered":"<div data-elementor-type=\"wp-page\" data-elementor-id=\"21\" class=\"elementor elementor-21\" data-elementor-post-type=\"page\">\n\t\t\t\t\t\t<section class=\"elementor-section elementor-top-section elementor-element elementor-element-6f4ee97 elementor-section-content-middle elementor-section-stretched elementor-section-boxed elementor-section-height-default elementor-section-height-default\" data-id=\"6f4ee97\" data-element_type=\"section\" data-settings=\"{&quot;stretch_section&quot;:&quot;section-stretched&quot;}\">\n\t\t\t\t\t\t<div class=\"elementor-container elementor-column-gap-custom\">\n\t\t\t\t\t<div class=\"elementor-column elementor-col-50 elementor-top-column elementor-element elementor-element-2863598\" data-id=\"2863598\" data-element_type=\"column\">\n\t\t\t<div class=\"elementor-widget-wrap elementor-element-populated\">\n\t\t\t\t\t\t<div class=\"elementor-element elementor-element-4f76621 elementor-widget elementor-widget-image\" data-id=\"4f76621\" data-element_type=\"widget\" data-widget_type=\"image.default\">\n\t\t\t\t<div class=\"elementor-widget-container\">\n\t\t\t\t\t\t\t\t\t\t\t\t\t\t\t<img loading=\"lazy\" decoding=\"async\" width=\"2000\" height=\"1348\" src=\"data:image\/gif;base64,R0lGODlhAQABAIAAAAAAAP\/\/\/yH5BAEAAAAALAAAAAABAAEAAAIBRAA7\" data-src=\"https:\/\/injadesign.com\/wp-content\/uploads\/2025\/02\/stand-house.jpg\" class=\"attachment-full size-full wp-image-1825 lazyload\" alt=\"\" data-srcset=\"https:\/\/injadesign.com\/wp-content\/uploads\/2025\/02\/stand-house.jpg 2000w, https:\/\/injadesign.com\/wp-content\/uploads\/2025\/02\/stand-house-300x202.jpg 300w, https:\/\/injadesign.com\/wp-content\/uploads\/2025\/02\/stand-house-1024x690.jpg 1024w, https:\/\/injadesign.com\/wp-content\/uploads\/2025\/02\/stand-house-768x518.jpg 768w, https:\/\/injadesign.com\/wp-content\/uploads\/2025\/02\/stand-house-1536x1035.jpg 1536w, https:\/\/injadesign.com\/wp-content\/uploads\/2025\/02\/stand-house-600x404.jpg 600w, https:\/\/injadesign.com\/wp-content\/uploads\/2025\/02\/stand-house-1x1.jpg 1w, https:\/\/injadesign.com\/wp-content\/uploads\/2025\/02\/stand-house-10x7.jpg 10w\" sizes=\"auto, (max-width: 2000px) 100vw, 2000px\" \/><noscript><img loading=\"lazy\" decoding=\"async\" width=\"2000\" height=\"1348\" src=\"https:\/\/injadesign.com\/wp-content\/uploads\/2025\/02\/stand-house.jpg\" class=\"attachment-full size-full wp-image-1825 lazyload\" alt=\"\" srcset=\"https:\/\/injadesign.com\/wp-content\/uploads\/2025\/02\/stand-house.jpg 2000w, https:\/\/injadesign.com\/wp-content\/uploads\/2025\/02\/stand-house-300x202.jpg 300w, https:\/\/injadesign.com\/wp-content\/uploads\/2025\/02\/stand-house-1024x690.jpg 1024w, https:\/\/injadesign.com\/wp-content\/uploads\/2025\/02\/stand-house-768x518.jpg 768w, https:\/\/injadesign.com\/wp-content\/uploads\/2025\/02\/stand-house-1536x1035.jpg 1536w, https:\/\/injadesign.com\/wp-content\/uploads\/2025\/02\/stand-house-600x404.jpg 600w, https:\/\/injadesign.com\/wp-content\/uploads\/2025\/02\/stand-house-1x1.jpg 1w, https:\/\/injadesign.com\/wp-content\/uploads\/2025\/02\/stand-house-10x7.jpg 10w\" sizes=\"auto, (max-width: 2000px) 100vw, 2000px\" \/><\/noscript>\t\t\t\t\t\t\t\t\t\t\t\t\t\t\t<\/div>\n\t\t\t\t<\/div>\n\t\t\t\t\t<\/div>\n\t\t<\/div>\n\t\t\t\t<div class=\"elementor-column elementor-col-50 elementor-top-column elementor-element elementor-element-c47b5f4\" data-id=\"c47b5f4\" data-element_type=\"column\">\n\t\t\t<div class=\"elementor-widget-wrap elementor-element-populated\">\n\t\t\t\t\t\t<div class=\"elementor-element elementor-element-2b8d0d4 elementor-widget elementor-widget-etheme_animated_headline\" data-id=\"2b8d0d4\" data-element_type=\"widget\" data-settings=\"{&quot;shape&quot;:&quot;custom&quot;,&quot;text_style&quot;:&quot;highlight&quot;,&quot;loop&quot;:&quot;yes&quot;,&quot;duration&quot;:{&quot;unit&quot;:&quot;px&quot;,&quot;size&quot;:&quot;&quot;,&quot;sizes&quot;:[]}}\" data-widget_type=\"etheme_animated_headline.default\">\n\t\t\t\t<div class=\"elementor-widget-container\">\n\t\t\t\t\t        \n        <div class=\"etheme-headline-wrapper\">\n            <h2 class=\"etheme-headline\" data-style=\"highlight\">\n\t\t                        <span class=\"etheme-headline-text-wrapper\">\n                \n\t\t        Injad Design                \n                <\/span>\n                                    <span class=\"etheme-headline-text-after\">\n                        : At the Heart of Your Constructions                    <\/span>\n                            <\/h2>\n        <\/div>\n        \n\t\t\t\t\t\t<\/div>\n\t\t\t\t<\/div>\n\t\t\t\t<div class=\"elementor-element elementor-element-72f35b3 elementor-widget elementor-widget-text-editor\" data-id=\"72f35b3\" data-element_type=\"widget\" data-widget_type=\"text-editor.default\">\n\t\t\t\t<div class=\"elementor-widget-container\">\n\t\t\t\t\t\t\t\t\tInjad Design is a company specializing in construction and renovation. Since 2016, we have been guiding our clients with expertise and innovation, ensuring solid and long-lasting results.\n\n\t\t\t\t\t\t\t\t<\/div>\n\t\t\t\t<\/div>\n\t\t\t\t<div class=\"elementor-element elementor-element-2199acf elementor-widget elementor-widget-text-editor\" data-id=\"2199acf\" data-element_type=\"widget\" data-widget_type=\"text-editor.default\">\n\t\t\t\t<div class=\"elementor-widget-container\">\n\t\t\t\t\t\t\t\t\tOur services cover structural work, finishing work, and outdoor landscaping. With our expertise, we bring your projects to life, combining quality, precision, and aesthetics.\n\n\n\n\n\n\n\n\t\t\t\t\t\t\t\t<\/div>\n\t\t\t\t<\/div>\n\t\t\t\t\t<\/div>\n\t\t<\/div>\n\t\t\t\t\t<\/div>\n\t\t<\/section>\n\t\t\t\t<section class=\"elementor-section elementor-top-section elementor-element elementor-element-63f1d11 elementor-section-stretched elementor-section-boxed elementor-section-height-default elementor-section-height-default\" data-id=\"63f1d11\" data-element_type=\"section\" data-settings=\"{&quot;stretch_section&quot;:&quot;section-stretched&quot;}\">\n\t\t\t\t\t\t<div class=\"elementor-container elementor-column-gap-custom\">\n\t\t\t\t\t<div class=\"elementor-column elementor-col-33 elementor-top-column elementor-element elementor-element-9932830\" data-id=\"9932830\" data-element_type=\"column\">\n\t\t\t<div class=\"elementor-widget-wrap elementor-element-populated\">\n\t\t\t\t\t\t<div class=\"elementor-element elementor-element-9eac712 elementor-align-center elementor-widget elementor-widget-etheme_icon_box\" data-id=\"9eac712\" data-element_type=\"widget\" data-settings=\"{&quot;icon_type&quot;:&quot;image&quot;}\" data-widget_type=\"etheme_icon_box.default\">\n\t\t\t\t<div class=\"elementor-widget-container\">\n\t\t\t\t\t\t\t\t<div class=\"etheme-icon-box etheme-icon-box-icon-position-top\">\n        \n                            \n                <div class=\"etheme-icon-box-icon etheme-icon-box-icon-type-image\">\n        \n                <img loading=\"lazy\" decoding=\"async\" width=\"50\" height=\"50\" src=\"data:image\/gif;base64,R0lGODlhAQABAIAAAAAAAP\/\/\/yH5BAEAAAAALAAAAAABAAEAAAIBRAA7\" data-src=\"https:\/\/injadesign.com\/wp-content\/uploads\/2025\/02\/icons8-building-50.png\" class=\"attachment-full size-full wp-image-1838 lazyload\" alt=\"\" data-srcset=\"https:\/\/injadesign.com\/wp-content\/uploads\/2025\/02\/icons8-building-50.png 50w, https:\/\/injadesign.com\/wp-content\/uploads\/2025\/02\/icons8-building-50-1x1.png 1w, https:\/\/injadesign.com\/wp-content\/uploads\/2025\/02\/icons8-building-50-10x10.png 10w\" sizes=\"auto, (max-width: 50px) 100vw, 50px\" \/><noscript><img loading=\"lazy\" decoding=\"async\" width=\"50\" height=\"50\" src=\"https:\/\/injadesign.com\/wp-content\/uploads\/2025\/02\/icons8-building-50.png\" class=\"attachment-full size-full wp-image-1838 lazyload\" alt=\"\" srcset=\"https:\/\/injadesign.com\/wp-content\/uploads\/2025\/02\/icons8-building-50.png 50w, https:\/\/injadesign.com\/wp-content\/uploads\/2025\/02\/icons8-building-50-1x1.png 1w, https:\/\/injadesign.com\/wp-content\/uploads\/2025\/02\/icons8-building-50-10x10.png 10w\" sizes=\"auto, (max-width: 50px) 100vw, 50px\" \/><\/noscript>        \n                <\/div>\n            \n                <div class=\"etheme-icon-box-content\">\n\t\t\n                                        \n                                            <h3 class=\"etheme-icon-box-title\">\n                            <span>Building Expertise<\/span>\n                        <\/h3>\n                    \t\t\n                                            <p class=\"etheme-icon-box-description\">\n                            We execute your projects with precision, from structure to design, ensuring lasting construction.\n\n                        <\/p>\n                    \n                            \n                <\/div>\n\t\t\t<\/div>\n\t\t\t\t\t\t<\/div>\n\t\t\t\t<\/div>\n\t\t\t\t\t<\/div>\n\t\t<\/div>\n\t\t\t\t<div class=\"elementor-column elementor-col-33 elementor-top-column elementor-element elementor-element-29d7d27\" data-id=\"29d7d27\" data-element_type=\"column\">\n\t\t\t<div class=\"elementor-widget-wrap elementor-element-populated\">\n\t\t\t\t\t\t<div class=\"elementor-element elementor-element-2969074 elementor-align-center elementor-widget elementor-widget-etheme_icon_box\" data-id=\"2969074\" data-element_type=\"widget\" data-settings=\"{&quot;icon_type&quot;:&quot;image&quot;}\" data-widget_type=\"etheme_icon_box.default\">\n\t\t\t\t<div class=\"elementor-widget-container\">\n\t\t\t\t\t\t\t\t<div class=\"etheme-icon-box etheme-icon-box-icon-position-top\">\n        \n                            \n                <div class=\"etheme-icon-box-icon etheme-icon-box-icon-type-image\">\n        \n                <img loading=\"lazy\" decoding=\"async\" width=\"60\" height=\"60\" src=\"data:image\/gif;base64,R0lGODlhAQABAIAAAAAAAP\/\/\/yH5BAEAAAAALAAAAAABAAEAAAIBRAA7\" data-src=\"https:\/\/injadesign.com\/wp-content\/uploads\/2025\/02\/icons8-sustainable-60.png\" class=\"attachment-full size-full wp-image-1842 lazyload\" alt=\"\" data-srcset=\"https:\/\/injadesign.com\/wp-content\/uploads\/2025\/02\/icons8-sustainable-60.png 60w, https:\/\/injadesign.com\/wp-content\/uploads\/2025\/02\/icons8-sustainable-60-1x1.png 1w, https:\/\/injadesign.com\/wp-content\/uploads\/2025\/02\/icons8-sustainable-60-10x10.png 10w\" sizes=\"auto, (max-width: 60px) 100vw, 60px\" \/><noscript><img loading=\"lazy\" decoding=\"async\" width=\"60\" height=\"60\" src=\"https:\/\/injadesign.com\/wp-content\/uploads\/2025\/02\/icons8-sustainable-60.png\" class=\"attachment-full size-full wp-image-1842 lazyload\" alt=\"\" srcset=\"https:\/\/injadesign.com\/wp-content\/uploads\/2025\/02\/icons8-sustainable-60.png 60w, https:\/\/injadesign.com\/wp-content\/uploads\/2025\/02\/icons8-sustainable-60-1x1.png 1w, https:\/\/injadesign.com\/wp-content\/uploads\/2025\/02\/icons8-sustainable-60-10x10.png 10w\" sizes=\"auto, (max-width: 60px) 100vw, 60px\" \/><\/noscript>        \n                <\/div>\n            \n                <div class=\"etheme-icon-box-content\">\n\t\t\n                                        \n                                            <h3 class=\"etheme-icon-box-title\">\n                            <span>Sustainable Solutions<\/span>\n                        <\/h3>\n                    \t\t\n                                            <p class=\"etheme-icon-box-description\">\n                            High-quality materials and exceptional craftsmanship to guarantee the longevity of your spaces.\n\n                        <\/p>\n                    \n                            \n                <\/div>\n\t\t\t<\/div>\n\t\t\t\t\t\t<\/div>\n\t\t\t\t<\/div>\n\t\t\t\t\t<\/div>\n\t\t<\/div>\n\t\t\t\t<div class=\"elementor-column elementor-col-33 elementor-top-column elementor-element elementor-element-7a72171\" data-id=\"7a72171\" data-element_type=\"column\">\n\t\t\t<div class=\"elementor-widget-wrap elementor-element-populated\">\n\t\t\t\t\t\t<div class=\"elementor-element elementor-element-96c33b8 elementor-align-center elementor-widget elementor-widget-etheme_icon_box\" data-id=\"96c33b8\" data-element_type=\"widget\" data-settings=\"{&quot;icon_type&quot;:&quot;image&quot;}\" data-widget_type=\"etheme_icon_box.default\">\n\t\t\t\t<div class=\"elementor-widget-container\">\n\t\t\t\t\t\t\t\t<div class=\"etheme-icon-box etheme-icon-box-icon-position-top\">\n        \n                            \n                <div class=\"etheme-icon-box-icon etheme-icon-box-icon-type-image\">\n        \n                <img loading=\"lazy\" decoding=\"async\" width=\"50\" height=\"50\" src=\"data:image\/gif;base64,R0lGODlhAQABAIAAAAAAAP\/\/\/yH5BAEAAAAALAAAAAABAAEAAAIBRAA7\" data-src=\"https:\/\/injadesign.com\/wp-content\/uploads\/2025\/02\/icons8-sprout-50.png\" class=\"attachment-full size-full wp-image-1843 lazyload\" alt=\"\" data-srcset=\"https:\/\/injadesign.com\/wp-content\/uploads\/2025\/02\/icons8-sprout-50.png 50w, https:\/\/injadesign.com\/wp-content\/uploads\/2025\/02\/icons8-sprout-50-1x1.png 1w, https:\/\/injadesign.com\/wp-content\/uploads\/2025\/02\/icons8-sprout-50-10x10.png 10w\" sizes=\"auto, (max-width: 50px) 100vw, 50px\" \/><noscript><img loading=\"lazy\" decoding=\"async\" width=\"50\" height=\"50\" src=\"https:\/\/injadesign.com\/wp-content\/uploads\/2025\/02\/icons8-sprout-50.png\" class=\"attachment-full size-full wp-image-1843 lazyload\" alt=\"\" srcset=\"https:\/\/injadesign.com\/wp-content\/uploads\/2025\/02\/icons8-sprout-50.png 50w, https:\/\/injadesign.com\/wp-content\/uploads\/2025\/02\/icons8-sprout-50-1x1.png 1w, https:\/\/injadesign.com\/wp-content\/uploads\/2025\/02\/icons8-sprout-50-10x10.png 10w\" sizes=\"auto, (max-width: 50px) 100vw, 50px\" \/><\/noscript>        \n                <\/div>\n            \n                <div class=\"etheme-icon-box-content\">\n\t\t\n                                        \n                                            <h3 class=\"etheme-icon-box-title\">\n                            <span>Green Spaces<\/span>\n                        <\/h3>\n                    \t\t\n                                            <p class=\"etheme-icon-box-description\">\n                            We design harmonious gardens and pools, adding well-being and elegance to your outdoor areas.\n\n                        <\/p>\n                    \n                            \n                <\/div>\n\t\t\t<\/div>\n\t\t\t\t\t\t<\/div>\n\t\t\t\t<\/div>\n\t\t\t\t\t<\/div>\n\t\t<\/div>\n\t\t\t\t\t<\/div>\n\t\t<\/section>\n\t\t\t\t<section class=\"elementor-section elementor-top-section elementor-element elementor-element-fed2435 elementor-section-stretched elementor-section-boxed elementor-section-height-default elementor-section-height-default\" data-id=\"fed2435\" data-element_type=\"section\" data-settings=\"{&quot;stretch_section&quot;:&quot;section-stretched&quot;}\">\n\t\t\t\t\t\t<div class=\"elementor-container elementor-column-gap-custom\">\n\t\t\t\t\t<div class=\"elementor-column elementor-col-33 elementor-top-column elementor-element elementor-element-9d2640a\" data-id=\"9d2640a\" data-element_type=\"column\">\n\t\t\t<div class=\"elementor-widget-wrap elementor-element-populated\">\n\t\t\t\t\t\t<div class=\"elementor-element elementor-element-2c59566 elementor-widget elementor-widget-counter\" data-id=\"2c59566\" data-element_type=\"widget\" data-widget_type=\"counter.default\">\n\t\t\t\t<div class=\"elementor-widget-container\">\n\t\t\t\t\t\t\t<div class=\"elementor-counter\">\n\t\t\t<div class=\"elementor-counter-title\"> Satisfied Clients<\/div>\t\t\t<div class=\"elementor-counter-number-wrapper\">\n\t\t\t\t<span class=\"elementor-counter-number-prefix\">+<\/span>\n\t\t\t\t<span class=\"elementor-counter-number\" data-duration=\"2000\" data-to-value=\"75\" data-from-value=\"0\" data-delimiter=\",\">0<\/span>\n\t\t\t\t<span class=\"elementor-counter-number-suffix\"><\/span>\n\t\t\t<\/div>\n\t\t<\/div>\n\t\t\t\t\t\t<\/div>\n\t\t\t\t<\/div>\n\t\t\t\t\t<\/div>\n\t\t<\/div>\n\t\t\t\t<div class=\"elementor-column elementor-col-33 elementor-top-column elementor-element elementor-element-02de6ea\" data-id=\"02de6ea\" data-element_type=\"column\">\n\t\t\t<div class=\"elementor-widget-wrap elementor-element-populated\">\n\t\t\t\t\t\t<div class=\"elementor-element elementor-element-fe66e3c elementor-widget elementor-widget-counter\" data-id=\"fe66e3c\" data-element_type=\"widget\" data-widget_type=\"counter.default\">\n\t\t\t\t<div class=\"elementor-widget-container\">\n\t\t\t\t\t\t\t<div class=\"elementor-counter\">\n\t\t\t<div class=\"elementor-counter-title\">Projects Delivered on Time<\/div>\t\t\t<div class=\"elementor-counter-number-wrapper\">\n\t\t\t\t<span class=\"elementor-counter-number-prefix\"><\/span>\n\t\t\t\t<span class=\"elementor-counter-number\" data-duration=\"2000\" data-to-value=\"98\" data-from-value=\"0\" data-delimiter=\",\">0<\/span>\n\t\t\t\t<span class=\"elementor-counter-number-suffix\">%<\/span>\n\t\t\t<\/div>\n\t\t<\/div>\n\t\t\t\t\t\t<\/div>\n\t\t\t\t<\/div>\n\t\t\t\t\t<\/div>\n\t\t<\/div>\n\t\t\t\t<div class=\"elementor-column elementor-col-33 elementor-top-column elementor-element elementor-element-009fa32\" data-id=\"009fa32\" data-element_type=\"column\">\n\t\t\t<div class=\"elementor-widget-wrap elementor-element-populated\">\n\t\t\t\t\t\t<div class=\"elementor-element elementor-element-7ddba6d elementor-widget elementor-widget-counter\" data-id=\"7ddba6d\" data-element_type=\"widget\" data-widget_type=\"counter.default\">\n\t\t\t\t<div class=\"elementor-widget-container\">\n\t\t\t\t\t\t\t<div class=\"elementor-counter\">\n\t\t\t<div class=\"elementor-counter-title\">Years of Experience<\/div>\t\t\t<div class=\"elementor-counter-number-wrapper\">\n\t\t\t\t<span class=\"elementor-counter-number-prefix\"><\/span>\n\t\t\t\t<span class=\"elementor-counter-number\" data-duration=\"2000\" data-to-value=\"8\" data-from-value=\"0\" data-delimiter=\",\">0<\/span>\n\t\t\t\t<span class=\"elementor-counter-number-suffix\">+<\/span>\n\t\t\t<\/div>\n\t\t<\/div>\n\t\t\t\t\t\t<\/div>\n\t\t\t\t<\/div>\n\t\t\t\t\t<\/div>\n\t\t<\/div>\n\t\t\t\t\t<\/div>\n\t\t<\/section>\n\t\t\t\t<\/div>","protected":false},"excerpt":{"rendered":"<p>Injad Design : Au c\u0153ur de vos constructions Injad Design est une entreprise sp\u00e9cialis\u00e9e dans la construction et la r\u00e9novation. Depuis 2016, nous accompagnons nos&#8230;<\/p>","protected":false},"author":1,"featured_media":0,"parent":0,"menu_order":0,"comment_status":"closed","ping_status":"closed","template":"","meta":{"footnotes":""},"class_list":["post-21","page","type-page","status-publish","hentry"],"_links":{"self":[{"href":"https:\/\/injadesign.com\/en\/wp-json\/wp\/v2\/pages\/21","targetHints":{"allow":["GET"]}}],"collection":[{"href":"https:\/\/injadesign.com\/en\/wp-json\/wp\/v2\/pages"}],"about":[{"href":"https:\/\/injadesign.com\/en\/wp-json\/wp\/v2\/types\/page"}],"author":[{"embeddable":true,"href":"https:\/\/injadesign.com\/en\/wp-json\/wp\/v2\/users\/1"}],"replies":[{"embeddable":true,"href":"https:\/\/injadesign.com\/en\/wp-json\/wp\/v2\/comments?post=21"}],"version-history":[{"count":0,"href":"https:\/\/injadesign.com\/en\/wp-json\/wp\/v2\/pages\/21\/revisions"}],"wp:attachment":[{"href":"https:\/\/injadesign.com\/en\/wp-json\/wp\/v2\/media?parent=21"}],"curies":[{"name":"wp","href":"https:\/\/api.w.org\/{rel}","templated":true}]}}